{"id":2059,"date":"2023-08-23T13:35:47","date_gmt":"2023-08-23T11:35:43","guid":{"rendered":"https:\/\/yuplanet.at\/?page_id=2059"},"modified":"2023-08-28T14:49:13","modified_gmt":"2023-08-28T12:49:13","slug":"ueber-uns","status":"publish","type":"page","link":"https:\/\/yuplanet.at\/yu\/ueber-uns\/","title":{"rendered":"O nama"},"content":{"rendered":"<div data-elementor-type=\"wp-page\" data-elementor-id=\"2059\" class=\"elementor elementor-2059\" data-elementor-post-type=\"page\">\n\t\t\t\t\t\t\t<div class=\"elementor-element elementor-element-71d4dae e-con-full e-flex e-con\" data-id=\"71d4dae\" data-element_type=\"container\" data-settings=\"{&quot;content_width&quot;:&quot;full&quot;,&quot;background_background&quot;:&quot;classic&quot;}\">\n\t\t<div class=\"elementor-element elementor-element-3ab5cae e-con-full e-flex e-con\" data-id=\"3ab5cae\" data-element_type=\"container\" data-settings=\"{&quot;content_width&quot;:&quot;full&quot;}\">\n\t\t\t\t<div class=\"elementor-element elementor-element-c2d7918 elementor-widget elementor-widget-spacer\" data-id=\"c2d7918\" data-element_type=\"widget\" data-widget_type=\"spacer.default\">\n\t\t\t\t<div class=\"elementor-widget-container\">\n\t\t\t\t\t<div class=\"elementor-spacer\">\n\t\t\t<div class=\"elementor-spacer-inner\"><\/div>\n\t\t<\/div>\n\t\t\t\t<\/div>\n\t\t\t\t<\/div>\n\t\t\t\t<\/div>\n\t\t<div class=\"elementor-element elementor-element-cf35e26 e-con-full e-flex e-con\" data-id=\"cf35e26\" data-element_type=\"container\" data-settings=\"{&quot;content_width&quot;:&quot;full&quot;}\">\n\t\t<div class=\"elementor-element elementor-element-fc3d3b4 e-flex e-con-boxed e-con\" data-id=\"fc3d3b4\" data-element_type=\"container\" data-settings=\"{&quot;content_width&quot;:&quot;boxed&quot;}\">\n\t\t\t\t\t<div class=\"e-con-inner\">\n\t\t\t\t<div class=\"elementor-element elementor-element-4e83eff elementor-widget elementor-widget-heading\" data-id=\"4e83eff\" data-element_type=\"widget\" data-widget_type=\"heading.default\">\n\t\t\t\t<div class=\"elementor-widget-container\">\n\t\t\t<h2 class=\"elementor-heading-title elementor-size-default\">YU PLANET<\/h2>\t\t<\/div>\n\t\t\t\t<\/div>\n\t\t\t\t<div class=\"elementor-element elementor-element-fd97fff elementor-widget elementor-widget-text-editor\" data-id=\"fd97fff\" data-element_type=\"widget\" data-widget_type=\"text-editor.default\">\n\t\t\t\t<div class=\"elementor-widget-container\">\n\t\t\t\t\t\t\t<p>Yu Planet televizija je kao pionir 2021. godine uspe\u0161no implementirala svoj kompletni<br \/>program na svim provajderima i lansirao prvi ex-yu kanal izvan Balkana.<\/p>\t\t\t\t\t\t<\/div>\n\t\t\t\t<\/div>\n\t\t\t\t\t<\/div>\n\t\t\t\t<\/div>\n\t\t\t\t<\/div>\n\t\t<div class=\"elementor-element elementor-element-44c3fc2 e-con-full e-flex e-con\" data-id=\"44c3fc2\" data-element_type=\"container\" data-settings=\"{&quot;content_width&quot;:&quot;full&quot;}\">\n\t\t<div class=\"elementor-element elementor-element-f71efc3 e-con-full e-flex e-con\" data-id=\"f71efc3\" data-element_type=\"container\" data-settings=\"{&quot;background_background&quot;:&quot;classic&quot;,&quot;content_width&quot;:&quot;full&quot;}\">\n\t\t\t\t<div class=\"elementor-element elementor-element-3594e27 elementor-widget elementor-widget-heading\" data-id=\"3594e27\" data-element_type=\"widget\" data-widget_type=\"heading.default\">\n\t\t\t\t<div class=\"elementor-widget-container\">\n\t\t\t<h2 class=\"elementor-heading-title elementor-size-default\">1 Mil. +<\/h2>\t\t<\/div>\n\t\t\t\t<\/div>\n\t\t\t\t<div class=\"elementor-element elementor-element-99ff41b elementor-widget elementor-widget-text-editor\" data-id=\"99ff41b\" data-element_type=\"widget\" data-widget_type=\"text-editor.default\">\n\t\t\t\t<div class=\"elementor-widget-container\">\n\t\t\t\t\t\t\t<p>YU Planet Entertainment predstavlja prvu jugoslovensku TV stanicu u Austriji, posve\u0107enu velikoj zajednici iz biv\u0161e Jugoslavije, koja broji vi\u0161e od milion ljudi.<\/p>\t\t\t\t\t\t<\/div>\n\t\t\t\t<\/div>\n\t\t\t\t<\/div>\n\t\t\t\t<\/div>\n\t\t<div class=\"elementor-element elementor-element-5507c3f e-con-full e-flex e-con\" data-id=\"5507c3f\" data-element_type=\"container\" data-settings=\"{&quot;content_width&quot;:&quot;full&quot;}\">\n\t\t\t\t<div class=\"elementor-element elementor-element-28fb137 elementor-widget elementor-widget-spacer\" data-id=\"28fb137\" data-element_type=\"widget\" data-widget_type=\"spacer.default\">\n\t\t\t\t<div class=\"elementor-widget-container\">\n\t\t\t\t\t<div class=\"elementor-spacer\">\n\t\t\t<div class=\"elementor-spacer-inner\"><\/div>\n\t\t<\/div>\n\t\t\t\t<\/div>\n\t\t\t\t<\/div>\n\t\t\t\t<\/div>\n\t\t<div class=\"elementor-element elementor-element-6fef7a4 e-flex e-con-boxed e-con\" data-id=\"6fef7a4\" data-element_type=\"container\" data-settings=\"{&quot;content_width&quot;:&quot;boxed&quot;}\">\n\t\t\t\t\t<div class=\"e-con-inner\">\n\t\t<div class=\"elementor-element elementor-element-04640fa e-con-full e-flex e-con\" data-id=\"04640fa\" data-element_type=\"container\" data-settings=\"{&quot;content_width&quot;:&quot;full&quot;}\">\n\t\t\t\t<div class=\"elementor-element elementor-element-2352ca3 elementor-widget elementor-widget-spacer\" data-id=\"2352ca3\" data-element_type=\"widget\" data-widget_type=\"spacer.default\">\n\t\t\t\t<div class=\"elementor-widget-container\">\n\t\t\t\t\t<div class=\"elementor-spacer\">\n\t\t\t<div class=\"elementor-spacer-inner\"><\/div>\n\t\t<\/div>\n\t\t\t\t<\/div>\n\t\t\t\t<\/div>\n\t\t<div class=\"elementor-element elementor-element-77ad07d e-con-full e-flex e-con\" data-id=\"77ad07d\" data-element_type=\"container\" data-settings=\"{&quot;content_width&quot;:&quot;full&quot;}\">\n\t\t\t\t<div class=\"elementor-element elementor-element-7dd2296 elementor-widget elementor-widget-heading\" data-id=\"7dd2296\" data-element_type=\"widget\" data-widget_type=\"heading.default\">\n\t\t\t\t<div class=\"elementor-widget-container\">\n\t\t\t<h2 class=\"elementor-heading-title elementor-size-default\">1<\/h2>\t\t<\/div>\n\t\t\t\t<\/div>\n\t\t\t\t<div class=\"elementor-element elementor-element-66cd80d elementor-widget elementor-widget-text-editor\" data-id=\"66cd80d\" data-element_type=\"widget\" data-widget_type=\"text-editor.default\">\n\t\t\t\t<div class=\"elementor-widget-container\">\n\t\t\t\t\t\t\t<p>PROGRAM<\/p>\t\t\t\t\t\t<\/div>\n\t\t\t\t<\/div>\n\t\t\t\t<\/div>\n\t\t<div class=\"elementor-element elementor-element-608f07b e-con-full e-flex e-con\" data-id=\"608f07b\" data-element_type=\"container\" data-settings=\"{&quot;content_width&quot;:&quot;full&quot;}\">\n\t\t\t\t<div class=\"elementor-element elementor-element-3ed89b0 elementor-widget elementor-widget-heading\" data-id=\"3ed89b0\" data-element_type=\"widget\" data-widget_type=\"heading.default\">\n\t\t\t\t<div class=\"elementor-widget-container\">\n\t\t\t<h2 class=\"elementor-heading-title elementor-size-default\">8<\/h2>\t\t<\/div>\n\t\t\t\t<\/div>\n\t\t\t\t<div class=\"elementor-element elementor-element-c1e79d3 elementor-widget elementor-widget-text-editor\" data-id=\"c1e79d3\" data-element_type=\"widget\" data-widget_type=\"text-editor.default\">\n\t\t\t\t<div class=\"elementor-widget-container\">\n\t\t\t\t\t\t\t<p>NACIJA<\/p>\t\t\t\t\t\t<\/div>\n\t\t\t\t<\/div>\n\t\t\t\t<\/div>\n\t\t<div class=\"elementor-element elementor-element-b2cf4de e-con-full e-flex e-con\" data-id=\"b2cf4de\" data-element_type=\"container\" data-settings=\"{&quot;content_width&quot;:&quot;full&quot;}\">\n\t\t\t\t<div class=\"elementor-element elementor-element-b53ee90 elementor-widget elementor-widget-heading\" data-id=\"b53ee90\" data-element_type=\"widget\" data-widget_type=\"heading.default\">\n\t\t\t\t<div class=\"elementor-widget-container\">\n\t\t\t<h2 class=\"elementor-heading-title elementor-size-default\">1 Mil. +<\/h2>\t\t<\/div>\n\t\t\t\t<\/div>\n\t\t\t\t<div class=\"elementor-element elementor-element-5a20f8b elementor-widget elementor-widget-text-editor\" data-id=\"5a20f8b\" data-element_type=\"widget\" data-widget_type=\"text-editor.default\">\n\t\t\t\t<div class=\"elementor-widget-container\">\n\t\t\t\t\t\t\t<p>MILION GLEDATELJA<\/p>\t\t\t\t\t\t<\/div>\n\t\t\t\t<\/div>\n\t\t\t\t<\/div>\n\t\t\t\t<\/div>\n\t\t<div class=\"elementor-element elementor-element-7480a7b e-con-full e-flex e-con\" data-id=\"7480a7b\" data-element_type=\"container\" data-settings=\"{&quot;content_width&quot;:&quot;full&quot;}\">\n\t\t\t\t<div class=\"elementor-element elementor-element-d4ea5a1 elementor-widget-tablet__width-initial elementor-widget elementor-widget-image\" data-id=\"d4ea5a1\" data-element_type=\"widget\" data-widget_type=\"image.default\">\n\t\t\t\t<div class=\"elementor-widget-container\">\n\t\t\t\t\t\t\t\t\t\t\t\t\t\t\t<img loading=\"lazy\" decoding=\"async\" width=\"800\" height=\"620\" src=\"https:\/\/yuplanet.at\/wp-content\/uploads\/2023\/08\/AT-final-1024x793.png\" class=\"attachment-large size-large wp-image-2063\" alt=\"\" srcset=\"https:\/\/yuplanet.at\/wp-content\/uploads\/2023\/08\/AT-final-1024x793.png 1024w, https:\/\/yuplanet.at\/wp-content\/uploads\/2023\/08\/AT-final-300x232.png 300w, https:\/\/yuplanet.at\/wp-content\/uploads\/2023\/08\/AT-final-768x594.png 768w, https:\/\/yuplanet.at\/wp-content\/uploads\/2023\/08\/AT-final-1536x1189.png 1536w, https:\/\/yuplanet.at\/wp-content\/uploads\/2023\/08\/AT-final-16x12.png 16w, https:\/\/yuplanet.at\/wp-content\/uploads\/2023\/08\/AT-final.png 2000w\" sizes=\"(max-width: 800px) 100vw, 800px\" \/>\t\t\t\t\t\t\t\t\t\t\t\t\t\t\t<\/div>\n\t\t\t\t<\/div>\n\t\t\t\t<\/div>\n\t\t\t\t\t<\/div>\n\t\t\t\t<\/div>\n\t\t<div class=\"elementor-element elementor-element-5c45394 e-flex e-con-boxed e-con\" data-id=\"5c45394\" data-element_type=\"container\" data-settings=\"{&quot;content_width&quot;:&quot;boxed&quot;}\">\n\t\t\t\t\t<div class=\"e-con-inner\">\n\t\t\t\t<div class=\"elementor-element elementor-element-012d0f2 elementor-widget elementor-widget-spacer\" data-id=\"012d0f2\" data-element_type=\"widget\" data-widget_type=\"spacer.default\">\n\t\t\t\t<div class=\"elementor-widget-container\">\n\t\t\t\t\t<div class=\"elementor-spacer\">\n\t\t\t<div class=\"elementor-spacer-inner\"><\/div>\n\t\t<\/div>\n\t\t\t\t<\/div>\n\t\t\t\t<\/div>\n\t\t\t\t<div class=\"elementor-element elementor-element-be9778d elementor-widget elementor-widget-image\" data-id=\"be9778d\" data-element_type=\"widget\" data-widget_type=\"image.default\">\n\t\t\t\t<div class=\"elementor-widget-container\">\n\t\t\t\t\t\t\t\t\t\t\t\t\t\t\t<img loading=\"lazy\" decoding=\"async\" width=\"800\" height=\"95\" src=\"https:\/\/yuplanet.at\/wp-content\/uploads\/2023\/08\/we-unite-yu-text-white-1024x121.png\" class=\"attachment-large size-large wp-image-2064\" alt=\"\" srcset=\"https:\/\/yuplanet.at\/wp-content\/uploads\/2023\/08\/we-unite-yu-text-white-1024x121.png 1024w, https:\/\/yuplanet.at\/wp-content\/uploads\/2023\/08\/we-unite-yu-text-white-300x36.png 300w, https:\/\/yuplanet.at\/wp-content\/uploads\/2023\/08\/we-unite-yu-text-white-768x91.png 768w, https:\/\/yuplanet.at\/wp-content\/uploads\/2023\/08\/we-unite-yu-text-white-1536x182.png 1536w, https:\/\/yuplanet.at\/wp-content\/uploads\/2023\/08\/we-unite-yu-text-white-18x2.png 18w, https:\/\/yuplanet.at\/wp-content\/uploads\/2023\/08\/we-unite-yu-text-white.png 1729w\" sizes=\"(max-width: 800px) 100vw, 800px\" \/>\t\t\t\t\t\t\t\t\t\t\t\t\t\t\t<\/div>\n\t\t\t\t<\/div>\n\t\t\t\t<div class=\"elementor-element elementor-element-39c07a0 elementor-widget elementor-widget-spacer\" data-id=\"39c07a0\" data-element_type=\"widget\" data-widget_type=\"spacer.default\">\n\t\t\t\t<div class=\"elementor-widget-container\">\n\t\t\t\t\t<div class=\"elementor-spacer\">\n\t\t\t<div class=\"elementor-spacer-inner\"><\/div>\n\t\t<\/div>\n\t\t\t\t<\/div>\n\t\t\t\t<\/div>\n\t\t\t\t\t<\/div>\n\t\t\t\t<\/div>\n\t\t\t\t<\/div>\n\t\t\t\t\t\t\t<\/div>","protected":false},"excerpt":{"rendered":"YU PLANET Yu Planet startet 2021 als Pionier sein Vollprogrammauf jeglichen Providern und betreibt den ersten Ex-Yu Sender au\u00dferhalb vom Balkan 1 Mio. + YU Planet Entertainment widmet sich mit seinem Medien-Angebot YU Planet TV &#8211; als erster jugoslawischer TV-Sender in \u00d6sterreich &#8211; an die \u00fcber eine Million Menschen z\u00e4hlende Community aus dem ehemaligen Jugoslawien. [&hellip;]","protected":false},"author":1,"featured_media":0,"parent":0,"menu_order":4,"comment_status":"closed","ping_status":"closed","template":"elementor_header_footer","meta":{"footnotes":""},"class_list":["post-2059","page","type-page","status-publish","hentry"],"acf":[],"yoast_head":"<!-- This site is optimized with the Yoast SEO plugin v21.8 - https:\/\/yoast.com\/wordpress\/plugins\/seo\/ -->\n<title>\u00dcber uns - YU PLANET<\/title>\n<meta name=\"robots\" content=\"index, follow, max-snippet:-1, max-image-preview:large, max-video-preview:-1\" \/>\n<link rel=\"canonical\" href=\"https:\/\/yuplanet.at\/yu\/ueber-uns\/\" \/>\n<meta property=\"og:locale\" content=\"bs_BA\" \/>\n<meta property=\"og:type\" content=\"article\" \/>\n<meta property=\"og:title\" content=\"\u00dcber uns - YU PLANET\" \/>\n<meta property=\"og:description\" content=\"YU PLANET Yu Planet startet 2021 als Pionier sein Vollprogrammauf jeglichen Providern und betreibt den ersten Ex-Yu Sender au\u00dferhalb vom Balkan 1 Mio. + YU Planet Entertainment widmet sich mit seinem Medien-Angebot YU Planet TV &#8211; als erster jugoslawischer TV-Sender in \u00d6sterreich &#8211; an die \u00fcber eine Million Menschen z\u00e4hlende Community aus dem ehemaligen Jugoslawien. [&hellip;]\" \/>\n<meta property=\"og:url\" content=\"https:\/\/yuplanet.at\/yu\/ueber-uns\/\" \/>\n<meta property=\"og:site_name\" content=\"YU PLANET\" \/>\n<meta property=\"article:modified_time\" content=\"2023-08-28T12:49:13+00:00\" \/>\n<meta property=\"og:image\" content=\"https:\/\/yuplanet.at\/wp-content\/uploads\/2023\/08\/AT-final-1024x793.png\" \/>\n<meta name=\"twitter:card\" content=\"summary_large_image\" \/>\n<script type=\"application\/ld+json\" class=\"yoast-schema-graph\">{\"@context\":\"https:\/\/schema.org\",\"@graph\":[{\"@type\":\"WebPage\",\"@id\":\"https:\/\/yuplanet.at\/ueber-uns\/\",\"url\":\"https:\/\/yuplanet.at\/ueber-uns\/\",\"name\":\"\u00dcber uns - YU PLANET\",\"isPartOf\":{\"@id\":\"https:\/\/yuplanet.at\/#website\"},\"datePublished\":\"2023-08-23T11:35:43+00:00\",\"dateModified\":\"2023-08-28T12:49:13+00:00\",\"breadcrumb\":{\"@id\":\"https:\/\/yuplanet.at\/ueber-uns\/#breadcrumb\"},\"inLanguage\":\"bs-BA\",\"potentialAction\":[{\"@type\":\"ReadAction\",\"target\":[\"https:\/\/yuplanet.at\/ueber-uns\/\"]}]},{\"@type\":\"BreadcrumbList\",\"@id\":\"https:\/\/yuplanet.at\/ueber-uns\/#breadcrumb\",\"itemListElement\":[{\"@type\":\"ListItem\",\"position\":1,\"name\":\"Home\",\"item\":\"https:\/\/yuplanet.at\/\"},{\"@type\":\"ListItem\",\"position\":2,\"name\":\"\u00dcber uns\"}]},{\"@type\":\"WebSite\",\"@id\":\"https:\/\/yuplanet.at\/#website\",\"url\":\"https:\/\/yuplanet.at\/\",\"name\":\"YU PLANET\",\"description\":\"WE UNITE YU\",\"publisher\":{\"@id\":\"https:\/\/yuplanet.at\/#organization\"},\"potentialAction\":[{\"@type\":\"SearchAction\",\"target\":{\"@type\":\"EntryPoint\",\"urlTemplate\":\"https:\/\/yuplanet.at\/?s={search_term_string}\"},\"query-input\":\"required name=search_term_string\"}],\"inLanguage\":\"bs-BA\"},{\"@type\":\"Organization\",\"@id\":\"https:\/\/yuplanet.at\/#organization\",\"name\":\"YU PLANET\",\"url\":\"https:\/\/yuplanet.at\/\",\"logo\":{\"@type\":\"ImageObject\",\"inLanguage\":\"bs-BA\",\"@id\":\"https:\/\/yuplanet.at\/#\/schema\/logo\/image\/\",\"url\":\"https:\/\/yuplanet.at\/wp-content\/uploads\/2021\/04\/Official-Yu-Planet-Logo-Red-One-web_sRGB.png\",\"contentUrl\":\"https:\/\/yuplanet.at\/wp-content\/uploads\/2021\/04\/Official-Yu-Planet-Logo-Red-One-web_sRGB.png\",\"width\":512,\"height\":512,\"caption\":\"YU PLANET\"},\"image\":{\"@id\":\"https:\/\/yuplanet.at\/#\/schema\/logo\/image\/\"}}]}<\/script>\n<!-- \/ Yoast SEO plugin. -->","yoast_head_json":{"title":"\u00dcber uns - YU PLANET","robots":{"index":"index","follow":"follow","max-snippet":"max-snippet:-1","max-image-preview":"max-image-preview:large","max-video-preview":"max-video-preview:-1"},"canonical":"https:\/\/yuplanet.at\/yu\/ueber-uns\/","og_locale":"bs_BA","og_type":"article","og_title":"\u00dcber uns - YU PLANET","og_description":"YU PLANET Yu Planet startet 2021 als Pionier sein Vollprogrammauf jeglichen Providern und betreibt den ersten Ex-Yu Sender au\u00dferhalb vom Balkan 1 Mio. + YU Planet Entertainment widmet sich mit seinem Medien-Angebot YU Planet TV &#8211; als erster jugoslawischer TV-Sender in \u00d6sterreich &#8211; an die \u00fcber eine Million Menschen z\u00e4hlende Community aus dem ehemaligen Jugoslawien. [&hellip;]","og_url":"https:\/\/yuplanet.at\/yu\/ueber-uns\/","og_site_name":"YU PLANET","article_modified_time":"2023-08-28T12:49:13+00:00","og_image":[{"url":"https:\/\/yuplanet.at\/wp-content\/uploads\/2023\/08\/AT-final-1024x793.png"}],"twitter_card":"summary_large_image","schema":{"@context":"https:\/\/schema.org","@graph":[{"@type":"WebPage","@id":"https:\/\/yuplanet.at\/ueber-uns\/","url":"https:\/\/yuplanet.at\/ueber-uns\/","name":"\u00dcber uns - YU PLANET","isPartOf":{"@id":"https:\/\/yuplanet.at\/#website"},"datePublished":"2023-08-23T11:35:43+00:00","dateModified":"2023-08-28T12:49:13+00:00","breadcrumb":{"@id":"https:\/\/yuplanet.at\/ueber-uns\/#breadcrumb"},"inLanguage":"bs-BA","potentialAction":[{"@type":"ReadAction","target":["https:\/\/yuplanet.at\/ueber-uns\/"]}]},{"@type":"BreadcrumbList","@id":"https:\/\/yuplanet.at\/ueber-uns\/#breadcrumb","itemListElement":[{"@type":"ListItem","position":1,"name":"Home","item":"https:\/\/yuplanet.at\/"},{"@type":"ListItem","position":2,"name":"\u00dcber uns"}]},{"@type":"WebSite","@id":"https:\/\/yuplanet.at\/#website","url":"https:\/\/yuplanet.at\/","name":"YU PLANET","description":"WE UNITE YU","publisher":{"@id":"https:\/\/yuplanet.at\/#organization"},"potentialAction":[{"@type":"SearchAction","target":{"@type":"EntryPoint","urlTemplate":"https:\/\/yuplanet.at\/?s={search_term_string}"},"query-input":"required name=search_term_string"}],"inLanguage":"bs-BA"},{"@type":"Organization","@id":"https:\/\/yuplanet.at\/#organization","name":"YU PLANET","url":"https:\/\/yuplanet.at\/","logo":{"@type":"ImageObject","inLanguage":"bs-BA","@id":"https:\/\/yuplanet.at\/#\/schema\/logo\/image\/","url":"https:\/\/yuplanet.at\/wp-content\/uploads\/2021\/04\/Official-Yu-Planet-Logo-Red-One-web_sRGB.png","contentUrl":"https:\/\/yuplanet.at\/wp-content\/uploads\/2021\/04\/Official-Yu-Planet-Logo-Red-One-web_sRGB.png","width":512,"height":512,"caption":"YU PLANET"},"image":{"@id":"https:\/\/yuplanet.at\/#\/schema\/logo\/image\/"}}]}},"_links":{"self":[{"href":"https:\/\/yuplanet.at\/yu\/wp-json\/wp\/v2\/pages\/2059"}],"collection":[{"href":"https:\/\/yuplanet.at\/yu\/wp-json\/wp\/v2\/pages"}],"about":[{"href":"https:\/\/yuplanet.at\/yu\/wp-json\/wp\/v2\/types\/page"}],"author":[{"embeddable":true,"href":"https:\/\/yuplanet.at\/yu\/wp-json\/wp\/v2\/users\/1"}],"replies":[{"embeddable":true,"href":"https:\/\/yuplanet.at\/yu\/wp-json\/wp\/v2\/comments?post=2059"}],"version-history":[{"count":31,"href":"https:\/\/yuplanet.at\/yu\/wp-json\/wp\/v2\/pages\/2059\/revisions"}],"predecessor-version":[{"id":2335,"href":"https:\/\/yuplanet.at\/yu\/wp-json\/wp\/v2\/pages\/2059\/revisions\/2335"}],"wp:attachment":[{"href":"https:\/\/yuplanet.at\/yu\/wp-json\/wp\/v2\/media?parent=2059"}],"curies":[{"name":"wp","href":"https:\/\/api.w.org\/{rel}","templated":true}]}}